{"id":4130,"date":"2022-08-15T03:46:32","date_gmt":"2022-08-15T03:46:32","guid":{"rendered":"https:\/\/knowtolearn.org\/?post_type=product&#038;p=4130"},"modified":"2022-08-15T03:47:12","modified_gmt":"2022-08-15T03:47:12","slug":"fundamentos-teoricos-y-proceso-metodologico-de-investigacion-cientifica","status":"publish","type":"product","link":"https:\/\/knowtolearn.org\/es\/product\/fundamentos-teoricos-y-proceso-metodologico-de-investigacion-cientifica\/","title":{"rendered":"Fundamentos te\u00f3ricos y proceso metodol\u00f3gico de investigaci\u00f3n cient\u00edfica."},"content":{"rendered":"","protected":false},"excerpt":{"rendered":"","protected":false},"featured_media":4127,"template":"","meta":[],"product_cat":[92],"product_tag":[],"class_list":{"0":"post-4130","1":"product","2":"type-product","3":"status-publish","4":"has-post-thumbnail","6":"product_cat-educacion","8":"first","9":"instock","10":"sale","11":"virtual","12":"purchasable","13":"product-type-simple"},"acf":[],"_links":{"self":[{"href":"https:\/\/knowtolearn.org\/es\/wp-json\/wp\/v2\/product\/4130","targetHints":{"allow":["GET"]}}],"collection":[{"href":"https:\/\/knowtolearn.org\/es\/wp-json\/wp\/v2\/product"}],"about":[{"href":"https:\/\/knowtolearn.org\/es\/wp-json\/wp\/v2\/types\/product"}],"version-history":[{"count":0,"href":"https:\/\/knowtolearn.org\/es\/wp-json\/wp\/v2\/product\/4130\/revisions"}],"wp:featuredmedia":[{"embeddable":true,"href":"https:\/\/knowtolearn.org\/es\/wp-json\/wp\/v2\/media\/4127"}],"wp:attachment":[{"href":"https:\/\/knowtolearn.org\/es\/wp-json\/wp\/v2\/media?parent=4130"}],"wp:term":[{"taxonomy":"product_cat","embeddable":true,"href":"https:\/\/knowtolearn.org\/es\/wp-json\/wp\/v2\/product_cat?post=4130"},{"taxonomy":"product_tag","embeddable":true,"href":"https:\/\/knowtolearn.org\/es\/wp-json\/wp\/v2\/product_tag?post=4130"}],"curies":[{"name":"wp","href":"https:\/\/api.w.org\/{rel}","templated":true}]}}