{"id":4106,"date":"2022-08-15T02:31:11","date_gmt":"2022-08-15T02:31:11","guid":{"rendered":"https:\/\/knowtolearn.org\/?post_type=product&#038;p=4106"},"modified":"2022-08-15T02:34:25","modified_gmt":"2022-08-15T02:34:25","slug":"modelos-de-integracion-para-planificacion-con-tecnologia","status":"publish","type":"product","link":"https:\/\/knowtolearn.org\/es\/product\/modelos-de-integracion-para-planificacion-con-tecnologia\/","title":{"rendered":"Modelos de integraci\u00f3n para planificaci\u00f3n con tecnolog\u00eda"},"content":{"rendered":"","protected":false},"excerpt":{"rendered":"","protected":false},"featured_media":4107,"template":"","meta":[],"product_cat":[92],"product_tag":[],"class_list":{"0":"post-4106","1":"product","2":"type-product","3":"status-publish","4":"has-post-thumbnail","6":"product_cat-educacion","8":"first","9":"instock","10":"sale","11":"virtual","12":"purchasable","13":"product-type-simple"},"acf":[],"_links":{"self":[{"href":"https:\/\/knowtolearn.org\/es\/wp-json\/wp\/v2\/product\/4106","targetHints":{"allow":["GET"]}}],"collection":[{"href":"https:\/\/knowtolearn.org\/es\/wp-json\/wp\/v2\/product"}],"about":[{"href":"https:\/\/knowtolearn.org\/es\/wp-json\/wp\/v2\/types\/product"}],"version-history":[{"count":0,"href":"https:\/\/knowtolearn.org\/es\/wp-json\/wp\/v2\/product\/4106\/revisions"}],"wp:featuredmedia":[{"embeddable":true,"href":"https:\/\/knowtolearn.org\/es\/wp-json\/wp\/v2\/media\/4107"}],"wp:attachment":[{"href":"https:\/\/knowtolearn.org\/es\/wp-json\/wp\/v2\/media?parent=4106"}],"wp:term":[{"taxonomy":"product_cat","embeddable":true,"href":"https:\/\/knowtolearn.org\/es\/wp-json\/wp\/v2\/product_cat?post=4106"},{"taxonomy":"product_tag","embeddable":true,"href":"https:\/\/knowtolearn.org\/es\/wp-json\/wp\/v2\/product_tag?post=4106"}],"curies":[{"name":"wp","href":"https:\/\/api.w.org\/{rel}","templated":true}]}}