{"id":4096,"date":"2022-08-15T01:42:07","date_gmt":"2022-08-15T01:42:07","guid":{"rendered":"https:\/\/knowtolearn.org\/?post_type=product&#038;p=4096"},"modified":"2022-08-15T01:43:56","modified_gmt":"2022-08-15T01:43:56","slug":"herramientas-pedagogicas-para-la-ensenanza-contemporanea","status":"publish","type":"product","link":"https:\/\/knowtolearn.org\/es\/product\/herramientas-pedagogicas-para-la-ensenanza-contemporanea\/","title":{"rendered":"Herramientas Pedag\u00f3gicas para la ense\u00f1anza contempor\u00e1nea"},"content":{"rendered":"","protected":false},"excerpt":{"rendered":"","protected":false},"featured_media":4100,"template":"","meta":[],"product_cat":[92],"product_tag":[],"class_list":{"0":"post-4096","1":"product","2":"type-product","3":"status-publish","4":"has-post-thumbnail","6":"product_cat-educacion","8":"first","9":"instock","10":"sale","11":"virtual","12":"purchasable","13":"product-type-simple"},"acf":[],"_links":{"self":[{"href":"https:\/\/knowtolearn.org\/es\/wp-json\/wp\/v2\/product\/4096","targetHints":{"allow":["GET"]}}],"collection":[{"href":"https:\/\/knowtolearn.org\/es\/wp-json\/wp\/v2\/product"}],"about":[{"href":"https:\/\/knowtolearn.org\/es\/wp-json\/wp\/v2\/types\/product"}],"version-history":[{"count":0,"href":"https:\/\/knowtolearn.org\/es\/wp-json\/wp\/v2\/product\/4096\/revisions"}],"wp:featuredmedia":[{"embeddable":true,"href":"https:\/\/knowtolearn.org\/es\/wp-json\/wp\/v2\/media\/4100"}],"wp:attachment":[{"href":"https:\/\/knowtolearn.org\/es\/wp-json\/wp\/v2\/media?parent=4096"}],"wp:term":[{"taxonomy":"product_cat","embeddable":true,"href":"https:\/\/knowtolearn.org\/es\/wp-json\/wp\/v2\/product_cat?post=4096"},{"taxonomy":"product_tag","embeddable":true,"href":"https:\/\/knowtolearn.org\/es\/wp-json\/wp\/v2\/product_tag?post=4096"}],"curies":[{"name":"wp","href":"https:\/\/api.w.org\/{rel}","templated":true}]}}